{"id":12,"date":"2017-07-11T06:30:09","date_gmt":"2017-07-11T06:30:09","guid":{"rendered":"http:\/\/www.ctsautomation.net\/index.php\/about\/"},"modified":"2022-03-10T21:05:22","modified_gmt":"2022-03-10T21:05:22","slug":"about","status":"publish","type":"page","link":"http:\/\/www.ctsautomation.net\/tr_TR\/index.php\/about\/","title":{"rendered":"Hakk\u0131m\u0131zda"},"content":{"rendered":"\n<p>CTS Hakk\u0131nda<\/p>\n","protected":false},"excerpt":{"rendered":"<div class=\"slide-text-bg2\"><span><br \/>\nCTS Hakk\u0131nda<br \/>\n&#8230;<\/span><\/div>\n","protected":false},"author":2,"featured_media":0,"parent":0,"menu_order":0,"comment_status":"closed","ping_status":"closed","template":"","meta":{"inline_featured_image":false,"_ti_tpc_template_sync":false,"_ti_tpc_template_id":"","spay_email":"","footnotes":""},"class_list":["post-12","page","type-page","status-publish","hentry"],"yoast_head":"<!-- This site is optimized with the Yoast SEO plugin v18.3 - https:\/\/yoast.com\/wordpress\/plugins\/seo\/ -->\n<title>Hakk\u0131m\u0131zda - CTS Automation &amp; Test Systems<\/title>\n<meta name=\"robots\" content=\"index, follow, max-snippet:-1, max-image-preview:large, max-video-preview:-1\" \/>\n<link rel=\"canonical\" href=\"http:\/\/www.ctsautomation.net\/tr_TR\/index.php\/about\/\" \/>\n<meta property=\"og:locale\" content=\"tr_TR\" \/>\n<meta property=\"og:type\" content=\"article\" \/>\n<meta property=\"og:title\" content=\"Hakk\u0131m\u0131zda - CTS Automation &amp; Test Systems\" \/>\n<meta property=\"og:description\" content=\"CTS Hakk\u0131nda ...\" \/>\n<meta property=\"og:url\" content=\"http:\/\/www.ctsautomation.net\/tr_TR\/index.php\/about\/\" \/>\n<meta property=\"og:site_name\" content=\"CTS Automation &amp; Test Systems\" \/>\n<meta property=\"article:modified_time\" content=\"2022-03-10T21:05:22+00:00\" \/>\n<meta name=\"twitter:card\" content=\"summary_large_image\" \/>\n<meta name=\"twitter:label1\" content=\"Tahmini okuma s\u00fcresi\" \/>\n\t<meta name=\"twitter:data1\" content=\"1 dakika\" \/>\n<script type=\"application\/ld+json\" class=\"yoast-schema-graph\">{\"@context\":\"https:\/\/schema.org\",\"@graph\":[{\"@type\":\"WebSite\",\"@id\":\"http:\/\/www.ctsautomation.net\/tr_TR\/#website\",\"url\":\"http:\/\/www.ctsautomation.net\/tr_TR\/\",\"name\":\"CTS Automation &amp; Test Systems\",\"description\":\"Slogan se\u00e7\",\"potentialAction\":[{\"@type\":\"SearchAction\",\"target\":{\"@type\":\"EntryPoint\",\"urlTemplate\":\"http:\/\/www.ctsautomation.net\/tr_TR\/?s={search_term_string}\"},\"query-input\":\"required name=search_term_string\"}],\"inLanguage\":\"tr\"},{\"@type\":\"WebPage\",\"@id\":\"http:\/\/www.ctsautomation.net\/tr_TR\/index.php\/about\/#webpage\",\"url\":\"http:\/\/www.ctsautomation.net\/tr_TR\/index.php\/about\/\",\"name\":\"Hakk\u0131m\u0131zda - CTS Automation &amp; Test Systems\",\"isPartOf\":{\"@id\":\"http:\/\/www.ctsautomation.net\/tr_TR\/#website\"},\"datePublished\":\"2017-07-11T06:30:09+00:00\",\"dateModified\":\"2022-03-10T21:05:22+00:00\",\"breadcrumb\":{\"@id\":\"http:\/\/www.ctsautomation.net\/tr_TR\/index.php\/about\/#breadcrumb\"},\"inLanguage\":\"tr\",\"potentialAction\":[{\"@type\":\"ReadAction\",\"target\":[\"http:\/\/www.ctsautomation.net\/tr_TR\/index.php\/about\/\"]}]},{\"@type\":\"BreadcrumbList\",\"@id\":\"http:\/\/www.ctsautomation.net\/tr_TR\/index.php\/about\/#breadcrumb\",\"itemListElement\":[{\"@type\":\"ListItem\",\"position\":1,\"name\":\"Anasayfa\",\"item\":\"http:\/\/www.ctsautomation.net\/tr_TR\/\"},{\"@type\":\"ListItem\",\"position\":2,\"name\":\"Hakk\u0131m\u0131zda\"}]}]}<\/script>\n<!-- \/ Yoast SEO plugin. -->","yoast_head_json":{"title":"Hakk\u0131m\u0131zda - CTS Automation &amp; Test Systems","robots":{"index":"index","follow":"follow","max-snippet":"max-snippet:-1","max-image-preview":"max-image-preview:large","max-video-preview":"max-video-preview:-1"},"canonical":"http:\/\/www.ctsautomation.net\/tr_TR\/index.php\/about\/","og_locale":"tr_TR","og_type":"article","og_title":"Hakk\u0131m\u0131zda - CTS Automation &amp; Test Systems","og_description":"CTS Hakk\u0131nda ...","og_url":"http:\/\/www.ctsautomation.net\/tr_TR\/index.php\/about\/","og_site_name":"CTS Automation &amp; Test Systems","article_modified_time":"2022-03-10T21:05:22+00:00","twitter_card":"summary_large_image","twitter_misc":{"Tahmini okuma s\u00fcresi":"1 dakika"},"schema":{"@context":"https:\/\/schema.org","@graph":[{"@type":"WebSite","@id":"http:\/\/www.ctsautomation.net\/tr_TR\/#website","url":"http:\/\/www.ctsautomation.net\/tr_TR\/","name":"CTS Automation &amp; Test Systems","description":"Slogan se\u00e7","potentialAction":[{"@type":"SearchAction","target":{"@type":"EntryPoint","urlTemplate":"http:\/\/www.ctsautomation.net\/tr_TR\/?s={search_term_string}"},"query-input":"required name=search_term_string"}],"inLanguage":"tr"},{"@type":"WebPage","@id":"http:\/\/www.ctsautomation.net\/tr_TR\/index.php\/about\/#webpage","url":"http:\/\/www.ctsautomation.net\/tr_TR\/index.php\/about\/","name":"Hakk\u0131m\u0131zda - CTS Automation &amp; Test Systems","isPartOf":{"@id":"http:\/\/www.ctsautomation.net\/tr_TR\/#website"},"datePublished":"2017-07-11T06:30:09+00:00","dateModified":"2022-03-10T21:05:22+00:00","breadcrumb":{"@id":"http:\/\/www.ctsautomation.net\/tr_TR\/index.php\/about\/#breadcrumb"},"inLanguage":"tr","potentialAction":[{"@type":"ReadAction","target":["http:\/\/www.ctsautomation.net\/tr_TR\/index.php\/about\/"]}]},{"@type":"BreadcrumbList","@id":"http:\/\/www.ctsautomation.net\/tr_TR\/index.php\/about\/#breadcrumb","itemListElement":[{"@type":"ListItem","position":1,"name":"Anasayfa","item":"http:\/\/www.ctsautomation.net\/tr_TR\/"},{"@type":"ListItem","position":2,"name":"Hakk\u0131m\u0131zda"}]}]}},"_links":{"self":[{"href":"http:\/\/www.ctsautomation.net\/tr_TR\/index.php\/wp-json\/wp\/v2\/pages\/12","targetHints":{"allow":["GET"]}}],"collection":[{"href":"http:\/\/www.ctsautomation.net\/tr_TR\/index.php\/wp-json\/wp\/v2\/pages"}],"about":[{"href":"http:\/\/www.ctsautomation.net\/tr_TR\/index.php\/wp-json\/wp\/v2\/types\/page"}],"author":[{"embeddable":true,"href":"http:\/\/www.ctsautomation.net\/tr_TR\/index.php\/wp-json\/wp\/v2\/users\/2"}],"replies":[{"embeddable":true,"href":"http:\/\/www.ctsautomation.net\/tr_TR\/index.php\/wp-json\/wp\/v2\/comments?post=12"}],"version-history":[{"count":0,"href":"http:\/\/www.ctsautomation.net\/tr_TR\/index.php\/wp-json\/wp\/v2\/pages\/12\/revisions"}],"wp:attachment":[{"href":"http:\/\/www.ctsautomation.net\/tr_TR\/index.php\/wp-json\/wp\/v2\/media?parent=12"}],"curies":[{"name":"wp","href":"https:\/\/api.w.org\/{rel}","templated":true}]}}