{"id":1521,"date":"2021-05-22T13:18:56","date_gmt":"2021-05-22T13:18:56","guid":{"rendered":"http:\/\/www.ctsautomation.net\/?page_id=1521"},"modified":"2022-03-10T21:12:00","modified_gmt":"2022-03-10T21:12:00","slug":"cekme-test-cihazi","status":"publish","type":"page","link":"http:\/\/www.ctsautomation.net\/tr_TR\/index.php\/cekme-test-cihazi\/","title":{"rendered":"\u00c7ekme Test Cihaz\u0131"},"content":{"rendered":"<h1 style=\"text-align: center;\"><strong>CTS AUTOMATION \u00c7EKME TEST \u00c7\u0130HAZI &#8211; MODEL NO: 001<\/strong><\/h1>\n<p style=\"text-align: center;\">Yerli \u00dcretim Yap\u0131yoruz. Yaz\u0131l\u0131m\u0131 biz geli\u015ftiriyoruz.<\/p>\n\n\n<div class=\"wp-block-columns is-layout-flex wp-container-core-columns-is-layout-9d6595d7 wp-block-columns-is-layout-flex\">\n<div class=\"wp-block-column is-layout-flow wp-block-column-is-layout-flow\">\n<div class=\"wp-block-nextend-smartslider3\"><\/div>\n<\/div>\n\n\n\n<div class=\"wp-block-column is-layout-flow wp-block-column-is-layout-flow\">\n<figure class=\"wp-block-table is-style-stripes\"><table><tbody><tr><td><strong>Teknik \u00d6zellikler<\/strong><\/td><td><\/td><td><\/td><\/tr><tr><td>\u00c7ekme Kuvveti Aral\u0131\u011f\u0131<\/td><td>15000N<\/td><td><\/td><\/tr><tr><td>Toplam G\u00fc\u00e7<\/td><td>500 watts<\/td><td><\/td><\/tr><tr><td>Numune Boyu<\/td><td>300mm<\/td><td><\/td><\/tr><tr><td>Numune Kal\u0131nl\u0131\u011f\u0131<\/td><td>40mm<\/td><td><\/td><\/tr><\/tbody><\/table><\/figure>\n<\/div>\n<\/div>\n","protected":false},"excerpt":{"rendered":"<div class=\"slide-text-bg2\"><span>CTS AUTOMATION \u00c7EKME TEST \u00c7\u0130HAZI &#8211; MODEL NO: 001<br \/>\nYerli \u00dcretim Yap\u0131yoruz. Yaz\u0131l\u0131m\u0131 biz geli\u015ftiriyoruz.<\/p>\n<p><\/span><\/div>\n","protected":false},"author":4,"featured_media":0,"parent":0,"menu_order":0,"comment_status":"closed","ping_status":"closed","template":"","meta":{"inline_featured_image":false,"_ti_tpc_template_sync":false,"_ti_tpc_template_id":"","spay_email":"","footnotes":""},"class_list":["post-1521","page","type-page","status-publish","hentry"],"yoast_head":"<!-- This site is optimized with the Yoast SEO plugin v18.3 - https:\/\/yoast.com\/wordpress\/plugins\/seo\/ -->\n<title>\u00c7ekme Test Cihaz\u0131 - CTS Automation &amp; Test Systems<\/title>\n<meta name=\"robots\" content=\"index, follow, max-snippet:-1, max-image-preview:large, max-video-preview:-1\" \/>\n<link rel=\"canonical\" href=\"http:\/\/www.ctsautomation.net\/en_US\/index.php\/cekme-test-cihazi\/\" \/>\n<meta property=\"og:locale\" content=\"tr_TR\" \/>\n<meta property=\"og:type\" content=\"article\" \/>\n<meta property=\"og:title\" content=\"\u00c7ekme Test Cihaz\u0131 - CTS Automation &amp; Test Systems\" \/>\n<meta property=\"og:description\" content=\"CTS AUTOMATION \u00c7EKME TEST \u00c7\u0130HAZI - MODEL NO: 001 Yerli \u00dcretim Yap\u0131yoruz. Yaz\u0131l\u0131m\u0131 biz geli\u015ftiriyoruz.\" \/>\n<meta property=\"og:url\" content=\"http:\/\/www.ctsautomation.net\/en_US\/index.php\/cekme-test-cihazi\/\" \/>\n<meta property=\"og:site_name\" content=\"CTS Automation &amp; Test Systems\" \/>\n<meta property=\"article:modified_time\" content=\"2022-03-10T21:12:00+00:00\" \/>\n<meta name=\"twitter:card\" content=\"summary_large_image\" \/>\n<meta name=\"twitter:label1\" content=\"Tahmini okuma s\u00fcresi\" \/>\n\t<meta name=\"twitter:data1\" content=\"1 dakika\" \/>\n<script type=\"application\/ld+json\" class=\"yoast-schema-graph\">{\"@context\":\"https:\/\/schema.org\",\"@graph\":[{\"@type\":\"WebSite\",\"@id\":\"http:\/\/www.ctsautomation.net\/tr_TR\/#website\",\"url\":\"http:\/\/www.ctsautomation.net\/tr_TR\/\",\"name\":\"CTS Automation &amp; Test Systems\",\"description\":\"Slogan se\u00e7\",\"potentialAction\":[{\"@type\":\"SearchAction\",\"target\":{\"@type\":\"EntryPoint\",\"urlTemplate\":\"http:\/\/www.ctsautomation.net\/tr_TR\/?s={search_term_string}\"},\"query-input\":\"required name=search_term_string\"}],\"inLanguage\":\"tr\"},{\"@type\":\"WebPage\",\"@id\":\"http:\/\/www.ctsautomation.net\/en_US\/index.php\/cekme-test-cihazi\/#webpage\",\"url\":\"http:\/\/www.ctsautomation.net\/en_US\/index.php\/cekme-test-cihazi\/\",\"name\":\"\u00c7ekme Test Cihaz\u0131 - CTS Automation &amp; Test Systems\",\"isPartOf\":{\"@id\":\"http:\/\/www.ctsautomation.net\/tr_TR\/#website\"},\"datePublished\":\"2021-05-22T13:18:56+00:00\",\"dateModified\":\"2022-03-10T21:12:00+00:00\",\"breadcrumb\":{\"@id\":\"http:\/\/www.ctsautomation.net\/en_US\/index.php\/cekme-test-cihazi\/#breadcrumb\"},\"inLanguage\":\"tr\",\"potentialAction\":[{\"@type\":\"ReadAction\",\"target\":[\"http:\/\/www.ctsautomation.net\/en_US\/index.php\/cekme-test-cihazi\/\"]}]},{\"@type\":\"BreadcrumbList\",\"@id\":\"http:\/\/www.ctsautomation.net\/en_US\/index.php\/cekme-test-cihazi\/#breadcrumb\",\"itemListElement\":[{\"@type\":\"ListItem\",\"position\":1,\"name\":\"Anasayfa\",\"item\":\"http:\/\/www.ctsautomation.net\/en_US\/\"},{\"@type\":\"ListItem\",\"position\":2,\"name\":\"\u00c7ekme Test Cihaz\u0131\"}]}]}<\/script>\n<!-- \/ Yoast SEO plugin. -->","yoast_head_json":{"title":"\u00c7ekme Test Cihaz\u0131 - CTS Automation &amp; Test Systems","robots":{"index":"index","follow":"follow","max-snippet":"max-snippet:-1","max-image-preview":"max-image-preview:large","max-video-preview":"max-video-preview:-1"},"canonical":"http:\/\/www.ctsautomation.net\/en_US\/index.php\/cekme-test-cihazi\/","og_locale":"tr_TR","og_type":"article","og_title":"\u00c7ekme Test Cihaz\u0131 - CTS Automation &amp; Test Systems","og_description":"CTS AUTOMATION \u00c7EKME TEST \u00c7\u0130HAZI - MODEL NO: 001 Yerli \u00dcretim Yap\u0131yoruz. Yaz\u0131l\u0131m\u0131 biz geli\u015ftiriyoruz.","og_url":"http:\/\/www.ctsautomation.net\/en_US\/index.php\/cekme-test-cihazi\/","og_site_name":"CTS Automation &amp; Test Systems","article_modified_time":"2022-03-10T21:12:00+00:00","twitter_card":"summary_large_image","twitter_misc":{"Tahmini okuma s\u00fcresi":"1 dakika"},"schema":{"@context":"https:\/\/schema.org","@graph":[{"@type":"WebSite","@id":"http:\/\/www.ctsautomation.net\/tr_TR\/#website","url":"http:\/\/www.ctsautomation.net\/tr_TR\/","name":"CTS Automation &amp; Test Systems","description":"Slogan se\u00e7","potentialAction":[{"@type":"SearchAction","target":{"@type":"EntryPoint","urlTemplate":"http:\/\/www.ctsautomation.net\/tr_TR\/?s={search_term_string}"},"query-input":"required name=search_term_string"}],"inLanguage":"tr"},{"@type":"WebPage","@id":"http:\/\/www.ctsautomation.net\/en_US\/index.php\/cekme-test-cihazi\/#webpage","url":"http:\/\/www.ctsautomation.net\/en_US\/index.php\/cekme-test-cihazi\/","name":"\u00c7ekme Test Cihaz\u0131 - CTS Automation &amp; Test Systems","isPartOf":{"@id":"http:\/\/www.ctsautomation.net\/tr_TR\/#website"},"datePublished":"2021-05-22T13:18:56+00:00","dateModified":"2022-03-10T21:12:00+00:00","breadcrumb":{"@id":"http:\/\/www.ctsautomation.net\/en_US\/index.php\/cekme-test-cihazi\/#breadcrumb"},"inLanguage":"tr","potentialAction":[{"@type":"ReadAction","target":["http:\/\/www.ctsautomation.net\/en_US\/index.php\/cekme-test-cihazi\/"]}]},{"@type":"BreadcrumbList","@id":"http:\/\/www.ctsautomation.net\/en_US\/index.php\/cekme-test-cihazi\/#breadcrumb","itemListElement":[{"@type":"ListItem","position":1,"name":"Anasayfa","item":"http:\/\/www.ctsautomation.net\/en_US\/"},{"@type":"ListItem","position":2,"name":"\u00c7ekme Test Cihaz\u0131"}]}]}},"_links":{"self":[{"href":"http:\/\/www.ctsautomation.net\/tr_TR\/index.php\/wp-json\/wp\/v2\/pages\/1521","targetHints":{"allow":["GET"]}}],"collection":[{"href":"http:\/\/www.ctsautomation.net\/tr_TR\/index.php\/wp-json\/wp\/v2\/pages"}],"about":[{"href":"http:\/\/www.ctsautomation.net\/tr_TR\/index.php\/wp-json\/wp\/v2\/types\/page"}],"author":[{"embeddable":true,"href":"http:\/\/www.ctsautomation.net\/tr_TR\/index.php\/wp-json\/wp\/v2\/users\/4"}],"replies":[{"embeddable":true,"href":"http:\/\/www.ctsautomation.net\/tr_TR\/index.php\/wp-json\/wp\/v2\/comments?post=1521"}],"version-history":[{"count":0,"href":"http:\/\/www.ctsautomation.net\/tr_TR\/index.php\/wp-json\/wp\/v2\/pages\/1521\/revisions"}],"wp:attachment":[{"href":"http:\/\/www.ctsautomation.net\/tr_TR\/index.php\/wp-json\/wp\/v2\/media?parent=1521"}],"curies":[{"name":"wp","href":"https:\/\/api.w.org\/{rel}","templated":true}]}}