{"id":1826,"date":"2022-02-08T18:03:33","date_gmt":"2022-02-08T18:03:33","guid":{"rendered":"http:\/\/www.ctsautomation.net\/?page_id=1826"},"modified":"2022-03-10T21:14:47","modified_gmt":"2022-03-10T21:14:47","slug":"yaldiz-baski-makinesi","status":"publish","type":"page","link":"http:\/\/www.ctsautomation.net\/tr_TR\/index.php\/yaldiz-baski-makinesi\/","title":{"rendered":"Pn\u00f6matik Yald\u0131z Bask\u0131 Makinesi"},"content":{"rendered":"\n<div class=\"wp-block-columns is-layout-flex wp-container-core-columns-is-layout-9d6595d7 wp-block-columns-is-layout-flex\">\n<div class=\"wp-block-column is-layout-flow wp-block-column-is-layout-flow\">\n<\/div>\n\n\n\n<div class=\"wp-block-column has-black-color has-text-color is-layout-flow wp-block-column-is-layout-flow\">\n<p class=\"has-black-color has-text-color has-medium-font-size\"><strong><span style=\"color: #000000;\" class=\"ugb-highlight\">C\u0130HAZ A\u00c7IKLAMASI<\/span><\/strong><\/p>\n\n\n\n<p class=\"has-black-color has-text-color\"><span style=\"color: #000000;\" class=\"ugb-highlight\">Bask\u0131 kuvvetini pn\u00f6matik silindir sa\u011flar. Hassas strok ve bask\u0131 ayar\u0131 silindirin \u00fcst\u00fcndeki somunlarla yap\u0131l\u0131r. <\/span><\/p>\n\n\n\n<p class=\"has-black-color has-text-color\"><span style=\"color: #000000;\" class=\"ugb-highlight\">Otomatik (pn\u00f6matik) \u00e7ekmece sistemi ile \u00fcr\u00fcnler kolay ve h\u0131zl\u0131 yerle\u015ftirilir veya s\u00f6k\u00fcl\u00fcr.<\/span><\/p>\n\n\n\n<p class=\"has-medium-font-size\"><strong><span style=\"color: #000000;\" class=\"ugb-highlight\">TEKN\u0130K \u00d6ZELL\u0130KLER<\/span><\/strong><\/p>\n\n\n\n<figure class=\"wp-block-table is-style-stripes\"><table><tbody><tr><td><strong>Bask\u0131 Alan\u0131 <\/strong>(Geni\u015flik x Derinlik)<\/td><td>180mm x 120mm<\/td><\/tr><tr><td><strong>Bask\u0131 Kuvveti<\/strong> <br \/>(Opsionel)<\/td><td>4418N (450.4kgf)<br \/>veya <br \/>2721N (277.4kgf)<\/td><\/tr><tr><td><strong>Masa Hari\u00e7 D\u0131\u015f \u00d6l\u00e7\u00fcler <\/strong><br \/>(Geni\u015flik x Derinlik x Y\u00fckseklik)<\/td><td>993mm x 532mm x 1000mm<\/td><\/tr><tr><td><strong><span style=\"color: #000000;\" class=\"ugb-highlight\">Masa Hari\u00e7 Toplam A\u011f\u0131rl\u0131k<\/span><\/strong><\/td><td>124kg<\/td><\/tr><tr><td><strong>Elektrik Gereksinimi<\/strong><\/td><td>1 Faz 50Hz 220VAC<\/td><\/tr><tr><td><strong>Bas\u0131n\u00e7l\u0131 Hava Gereksinimi<\/strong><\/td><td>6 Bar<\/td><\/tr><tr><td><strong><span style=\"color: #000000;\" class=\"ugb-highlight\">En Y\u00fcksek Is\u0131t\u0131c\u0131 S\u0131cakl\u0131\u011f\u0131<\/span><\/strong><\/td><td>200\u00b0C<\/td><\/tr><\/tbody><\/table><\/figure>\n\n\n\n<p class=\"has-medium-font-size\"><strong><span style=\"color: #000000;\" class=\"ugb-highlight\">KULLANILAN ELEMAN MARKALARI<\/span><\/strong><\/p>\n\n\n\n<figure class=\"wp-block-table is-style-stripes\"><table><tbody><tr><td><strong><span style=\"color: #000000;\" class=\"ugb-highlight\">Pn\u00f6matik Ekipmanlar<\/span><\/strong><\/td><td>Festo veya SMC<\/td><\/tr><tr><td><span style=\"color: #000000;\" class=\"ugb-highlight\"><strong>Elektriksel Elemanlar<\/strong><\/span><\/td><td><\/td><\/tr><\/tbody><\/table><\/figure>\n\n\n\n<p class=\"has-medium-font-size\"><strong><span style=\"color: #000000;\" class=\"ugb-highlight\">C\u0130HAZ MASASI (SEHPA)<\/span><\/strong><\/p>\n\n\n\n<p><span style=\"color: #000000;\" class=\"ugb-highlight\">Yald\u0131z bask\u0131 makinesi masadan ba\u011f\u0131ms\u0131z \u00e7al\u0131\u015f\u0131yor. Masay\u0131 sipari\u015fle \u00fcretiyoruz. \u00d6zel \u00f6l\u00e7\u00fclerde masa yapabiliriz. Tipik masa \u00f6l\u00e7\u00fclerimiz \u015f\u00f6yle:<\/span><\/p>\n\n\n\n<figure class=\"wp-block-table is-style-stripes\"><table><tbody><tr><td><strong><span style=\"color: #000000;\" class=\"ugb-highlight\">Masa \u00d6l\u00e7\u00fcleri <\/span><\/strong><br \/><span style=\"color: #000000;\" class=\"ugb-highlight\">(Geni\u015flik x Derinlik x Y\u00fckseklik)<\/span><\/td><td>1000mm x 600mm x 800mm<\/td><\/tr><tr><td><strong><span style=\"color: #000000;\" class=\"ugb-highlight\">Masa A\u011f\u0131rl\u0131\u011f\u0131<\/span><\/strong><\/td><td>37kg<\/td><\/tr><tr><td><strong><span style=\"color: #000000;\" class=\"ugb-highlight\">Ayak Se\u00e7enekleri<\/span><\/strong><\/td><td>Tekerlek veya Sabit Ayak<\/td><\/tr><\/tbody><\/table><\/figure>\n<\/div>\n<\/div>\n\n\n\n<p>Yald\u0131z Bask\u0131 Makinas\u0131 &#8211; Yald\u0131z Bask\u0131 Makinesi &#8211; S\u0131cak Bask\u0131 Makinas\u0131 &#8211; S\u0131cak Bask\u0131 Makinesi &#8211; Folyo Bask\u0131 Makinas\u0131 &#8211; Folyo Bask\u0131 Makinesi &#8211; Varak Bask\u0131 Makinesi &#8211; Varak Bask\u0131 Makinas\u0131 &#8211; Pn\u00f6matik Yald\u0131z Bask\u0131 Makinas\u0131 &#8211; Pn\u00f6matik Yald\u0131z Bask\u0131 Makinesi &#8211; Pn\u00f6matik Folyo Bask\u0131 Makinas\u0131 &#8211; Pn\u00f6matik Folyo Bask\u0131 Makinesi &#8211; Pn\u00f6matik Varak Bask\u0131 Makinesi &#8211; Pn\u00f6matik Varak Bask\u0131 Makinas\u0131 &#8211; Hot Stamping Machine &#8211; Pneumatic Hot Stamping Machine<br \/><br \/><\/p>\n","protected":false},"excerpt":{"rendered":"<div class=\"slide-text-bg2\"><span><\/p>\n<p><\/span><\/div>\n","protected":false},"author":4,"featured_media":1926,"parent":0,"menu_order":0,"comment_status":"closed","ping_status":"closed","template":"fullwidth.php","meta":{"inline_featured_image":false,"_ti_tpc_template_sync":false,"_ti_tpc_template_id":"","spay_email":"","footnotes":""},"class_list":["post-1826","page","type-page","status-publish","has-post-thumbnail","hentry"],"yoast_head":"<!-- This site is optimized with the Yoast SEO plugin v18.3 - https:\/\/yoast.com\/wordpress\/plugins\/seo\/ -->\n<title>Pn\u00f6matik Yald\u0131z Bask\u0131 Makinesi - CTS Automation &amp; Test Systems<\/title>\n<meta name=\"robots\" content=\"index, follow, max-snippet:-1, max-image-preview:large, max-video-preview:-1\" \/>\n<link rel=\"canonical\" href=\"http:\/\/www.ctsautomation.net\/tr_TR\/index.php\/yaldiz-baski-makinesi\/\" \/>\n<meta property=\"og:locale\" content=\"tr_TR\" \/>\n<meta property=\"og:type\" content=\"article\" \/>\n<meta property=\"og:title\" content=\"Pn\u00f6matik Yald\u0131z Bask\u0131 Makinesi - CTS Automation &amp; Test Systems\" \/>\n<meta property=\"og:url\" content=\"http:\/\/www.ctsautomation.net\/tr_TR\/index.php\/yaldiz-baski-makinesi\/\" \/>\n<meta property=\"og:site_name\" content=\"CTS Automation &amp; Test Systems\" \/>\n<meta property=\"article:modified_time\" content=\"2022-03-10T21:14:47+00:00\" \/>\n<meta property=\"og:image\" content=\"http:\/\/www.ctsautomation.net\/wp-content\/uploads\/2022\/02\/Pnomatik-Yaldiz-Baski-Makinesi-03.jpeg\" \/>\n\t<meta property=\"og:image:width\" content=\"1512\" \/>\n\t<meta property=\"og:image:height\" content=\"2016\" \/>\n\t<meta property=\"og:image:type\" content=\"image\/jpeg\" \/>\n<meta name=\"twitter:card\" content=\"summary_large_image\" \/>\n<meta name=\"twitter:label1\" content=\"Tahmini okuma s\u00fcresi\" \/>\n\t<meta name=\"twitter:data1\" content=\"2 dakika\" \/>\n<script type=\"application\/ld+json\" class=\"yoast-schema-graph\">{\"@context\":\"https:\/\/schema.org\",\"@graph\":[{\"@type\":\"WebSite\",\"@id\":\"http:\/\/www.ctsautomation.net\/tr_TR\/#website\",\"url\":\"http:\/\/www.ctsautomation.net\/tr_TR\/\",\"name\":\"CTS Automation &amp; Test Systems\",\"description\":\"Slogan se\u00e7\",\"potentialAction\":[{\"@type\":\"SearchAction\",\"target\":{\"@type\":\"EntryPoint\",\"urlTemplate\":\"http:\/\/www.ctsautomation.net\/tr_TR\/?s={search_term_string}\"},\"query-input\":\"required name=search_term_string\"}],\"inLanguage\":\"tr\"},{\"@type\":\"ImageObject\",\"@id\":\"http:\/\/www.ctsautomation.net\/tr_TR\/index.php\/yaldiz-baski-makinesi\/#primaryimage\",\"inLanguage\":\"tr\",\"url\":\"http:\/\/www.ctsautomation.net\/wp-content\/uploads\/2022\/02\/Pnomatik-Yaldiz-Baski-Makinesi-03.jpeg\",\"contentUrl\":\"http:\/\/www.ctsautomation.net\/wp-content\/uploads\/2022\/02\/Pnomatik-Yaldiz-Baski-Makinesi-03.jpeg\",\"width\":1512,\"height\":2016,\"caption\":\"Pneumatic Hot Stamping Machine\"},{\"@type\":\"WebPage\",\"@id\":\"http:\/\/www.ctsautomation.net\/tr_TR\/index.php\/yaldiz-baski-makinesi\/#webpage\",\"url\":\"http:\/\/www.ctsautomation.net\/tr_TR\/index.php\/yaldiz-baski-makinesi\/\",\"name\":\"Pn\u00f6matik Yald\u0131z Bask\u0131 Makinesi - CTS Automation &amp; Test Systems\",\"isPartOf\":{\"@id\":\"http:\/\/www.ctsautomation.net\/tr_TR\/#website\"},\"primaryImageOfPage\":{\"@id\":\"http:\/\/www.ctsautomation.net\/tr_TR\/index.php\/yaldiz-baski-makinesi\/#primaryimage\"},\"datePublished\":\"2022-02-08T18:03:33+00:00\",\"dateModified\":\"2022-03-10T21:14:47+00:00\",\"breadcrumb\":{\"@id\":\"http:\/\/www.ctsautomation.net\/tr_TR\/index.php\/yaldiz-baski-makinesi\/#breadcrumb\"},\"inLanguage\":\"tr\",\"potentialAction\":[{\"@type\":\"ReadAction\",\"target\":[\"http:\/\/www.ctsautomation.net\/tr_TR\/index.php\/yaldiz-baski-makinesi\/\"]}]},{\"@type\":\"BreadcrumbList\",\"@id\":\"http:\/\/www.ctsautomation.net\/tr_TR\/index.php\/yaldiz-baski-makinesi\/#breadcrumb\",\"itemListElement\":[{\"@type\":\"ListItem\",\"position\":1,\"name\":\"Anasayfa\",\"item\":\"http:\/\/www.ctsautomation.net\/tr_TR\/\"},{\"@type\":\"ListItem\",\"position\":2,\"name\":\"Pn\u00f6matik Yald\u0131z Bask\u0131 Makinesi\"}]}]}<\/script>\n<!-- \/ Yoast SEO plugin. -->","yoast_head_json":{"title":"Pn\u00f6matik Yald\u0131z Bask\u0131 Makinesi - CTS Automation &amp; Test Systems","robots":{"index":"index","follow":"follow","max-snippet":"max-snippet:-1","max-image-preview":"max-image-preview:large","max-video-preview":"max-video-preview:-1"},"canonical":"http:\/\/www.ctsautomation.net\/tr_TR\/index.php\/yaldiz-baski-makinesi\/","og_locale":"tr_TR","og_type":"article","og_title":"Pn\u00f6matik Yald\u0131z Bask\u0131 Makinesi - CTS Automation &amp; Test Systems","og_url":"http:\/\/www.ctsautomation.net\/tr_TR\/index.php\/yaldiz-baski-makinesi\/","og_site_name":"CTS Automation &amp; Test Systems","article_modified_time":"2022-03-10T21:14:47+00:00","og_image":[{"width":1512,"height":2016,"url":"http:\/\/www.ctsautomation.net\/wp-content\/uploads\/2022\/02\/Pnomatik-Yaldiz-Baski-Makinesi-03.jpeg","type":"image\/jpeg"}],"twitter_card":"summary_large_image","twitter_misc":{"Tahmini okuma s\u00fcresi":"2 dakika"},"schema":{"@context":"https:\/\/schema.org","@graph":[{"@type":"WebSite","@id":"http:\/\/www.ctsautomation.net\/tr_TR\/#website","url":"http:\/\/www.ctsautomation.net\/tr_TR\/","name":"CTS Automation &amp; Test Systems","description":"Slogan se\u00e7","potentialAction":[{"@type":"SearchAction","target":{"@type":"EntryPoint","urlTemplate":"http:\/\/www.ctsautomation.net\/tr_TR\/?s={search_term_string}"},"query-input":"required name=search_term_string"}],"inLanguage":"tr"},{"@type":"ImageObject","@id":"http:\/\/www.ctsautomation.net\/tr_TR\/index.php\/yaldiz-baski-makinesi\/#primaryimage","inLanguage":"tr","url":"http:\/\/www.ctsautomation.net\/wp-content\/uploads\/2022\/02\/Pnomatik-Yaldiz-Baski-Makinesi-03.jpeg","contentUrl":"http:\/\/www.ctsautomation.net\/wp-content\/uploads\/2022\/02\/Pnomatik-Yaldiz-Baski-Makinesi-03.jpeg","width":1512,"height":2016,"caption":"Pneumatic Hot Stamping Machine"},{"@type":"WebPage","@id":"http:\/\/www.ctsautomation.net\/tr_TR\/index.php\/yaldiz-baski-makinesi\/#webpage","url":"http:\/\/www.ctsautomation.net\/tr_TR\/index.php\/yaldiz-baski-makinesi\/","name":"Pn\u00f6matik Yald\u0131z Bask\u0131 Makinesi - CTS Automation &amp; Test Systems","isPartOf":{"@id":"http:\/\/www.ctsautomation.net\/tr_TR\/#website"},"primaryImageOfPage":{"@id":"http:\/\/www.ctsautomation.net\/tr_TR\/index.php\/yaldiz-baski-makinesi\/#primaryimage"},"datePublished":"2022-02-08T18:03:33+00:00","dateModified":"2022-03-10T21:14:47+00:00","breadcrumb":{"@id":"http:\/\/www.ctsautomation.net\/tr_TR\/index.php\/yaldiz-baski-makinesi\/#breadcrumb"},"inLanguage":"tr","potentialAction":[{"@type":"ReadAction","target":["http:\/\/www.ctsautomation.net\/tr_TR\/index.php\/yaldiz-baski-makinesi\/"]}]},{"@type":"BreadcrumbList","@id":"http:\/\/www.ctsautomation.net\/tr_TR\/index.php\/yaldiz-baski-makinesi\/#breadcrumb","itemListElement":[{"@type":"ListItem","position":1,"name":"Anasayfa","item":"http:\/\/www.ctsautomation.net\/tr_TR\/"},{"@type":"ListItem","position":2,"name":"Pn\u00f6matik Yald\u0131z Bask\u0131 Makinesi"}]}]}},"_links":{"self":[{"href":"http:\/\/www.ctsautomation.net\/tr_TR\/index.php\/wp-json\/wp\/v2\/pages\/1826","targetHints":{"allow":["GET"]}}],"collection":[{"href":"http:\/\/www.ctsautomation.net\/tr_TR\/index.php\/wp-json\/wp\/v2\/pages"}],"about":[{"href":"http:\/\/www.ctsautomation.net\/tr_TR\/index.php\/wp-json\/wp\/v2\/types\/page"}],"author":[{"embeddable":true,"href":"http:\/\/www.ctsautomation.net\/tr_TR\/index.php\/wp-json\/wp\/v2\/users\/4"}],"replies":[{"embeddable":true,"href":"http:\/\/www.ctsautomation.net\/tr_TR\/index.php\/wp-json\/wp\/v2\/comments?post=1826"}],"version-history":[{"count":0,"href":"http:\/\/www.ctsautomation.net\/tr_TR\/index.php\/wp-json\/wp\/v2\/pages\/1826\/revisions"}],"wp:featuredmedia":[{"embeddable":true,"href":"http:\/\/www.ctsautomation.net\/tr_TR\/index.php\/wp-json\/wp\/v2\/media\/1926"}],"wp:attachment":[{"href":"http:\/\/www.ctsautomation.net\/tr_TR\/index.php\/wp-json\/wp\/v2\/media?parent=1826"}],"curies":[{"name":"wp","href":"https:\/\/api.w.org\/{rel}","templated":true}]}}