{"id":1958,"date":"2022-02-27T20:24:37","date_gmt":"2022-02-27T20:24:37","guid":{"rendered":"http:\/\/www.ctsautomation.net\/?page_id=1958"},"modified":"2022-04-03T19:59:08","modified_gmt":"2022-04-03T16:59:08","slug":"ucak-tekerlegi-montaj-standi","status":"publish","type":"page","link":"http:\/\/www.ctsautomation.net\/tr_TR\/index.php\/hizmetlerimiz\/havacilik-sanayi-bakim-ve-montaj-cihazlari\/ucak-tekerlegi-montaj-standi\/","title":{"rendered":"U\u00e7ak Tekerle\u011fi Montaj Stand\u0131"},"content":{"rendered":"\n<div class=\"wp-block-columns is-layout-flex wp-container-core-columns-is-layout-9d6595d7 wp-block-columns-is-layout-flex\">\n<div class=\"wp-block-column is-layout-flow wp-block-column-is-layout-flow\">\n<\/div>\n\n\n\n<div class=\"wp-block-column has-black-color has-text-color is-layout-flow wp-block-column-is-layout-flow\">\n<p class=\"has-black-color has-text-color has-medium-font-size\"><strong><span style=\"color: #000000;\" class=\"ugb-highlight\">C\u0130HAZ A\u00c7IKLAMASI<\/span><\/strong><\/p>\n\n\n\n<p class=\"has-black-color has-text-color\"><span style=\"color: #000000;\" class=\"ugb-highlight\"><strong>CTS Otomasyon U\u00e7ak Tekerle\u011fi Montaj Stand\u0131<\/strong><\/span>; elle kumanda edilen hidrolik bir sistemdir. <\/p>\n\n\n\n<p><span style=\"color: #000000;\" class=\"ugb-highlight\"><a href=\"http:\/\/www.ctsautomation.net\/index.php\/hizmetlerimiz\/havacilik-sanayi-bakim-ve-montaj-cihazlari\/ucak-tekerlegi-torklama-sistemi\/\">U\u00e7ak Tekerle\u011fi Torklama Sistemi<\/a> ile \u00e7al\u0131\u015f\u0131r.<\/span><\/p>\n\n\n\n<p class=\"has-black-color has-text-color\"><span style=\"color: #000000;\" class=\"ugb-highlight\">\u0130ki par\u00e7al\u0131 u\u00e7ak tekerleklerinin montaj\u0131 i\u00e7in; tekerlek y\u00fcksekli\u011fine g\u00f6re ayarlan\u0131r. <\/span><\/p>\n\n\n\n<p><span style=\"color: #000000;\" class=\"ugb-highlight\">Hidrolik olarak tekerlek par\u00e7alar\u0131n\u0131 s\u0131kar veya gev\u015fetir. <\/span><\/p>\n\n\n\n<p><span style=\"color: #000000;\" class=\"ugb-highlight\">Tekerle\u011fi torklama i\u00e7in 90 derece yat\u0131r\u0131r ve torklama sonras\u0131 tekrar dik konuma getirir.<\/span><\/p>\n\n\n\n<p class=\"has-medium-font-size\"><strong><span style=\"color: #000000;\" class=\"ugb-highlight\">TA\u015eIMA KAB\u0130L\u0130YET\u0130<\/span><\/strong><\/p>\n\n\n\n<figure class=\"wp-block-table is-style-stripes\"><table><tbody><tr><td><strong>Tekerlek \u00c7ap\u0131 Maks.<\/strong><\/td><td>60&#8243;<\/td><\/tr><tr><td><strong>Tekerlek K\u00fctlesi Maks.<\/strong><\/td><td>650 lbs<\/td><\/tr><\/tbody><\/table><\/figure>\n\n\n\n<p><strong><span style=\"color: #000000;\" class=\"ugb-highlight\">ELEKTR\u0130KSEL \u00d6ZELL\u0130KLER<\/span><\/strong><\/p>\n\n\n\n<figure class=\"wp-block-table is-style-stripes\"><table><tbody><tr><td><strong>Voltaj<\/strong><\/td><td>380 VAC<\/td><\/tr><tr><td><strong>Frekans<\/strong><\/td><td>50 Hz<\/td><\/tr><tr><td><strong>Toplam Kurulu G\u00fc\u00e7<\/strong><\/td><td>850 W<\/td><\/tr><\/tbody><\/table><\/figure>\n\n\n\n<p><strong><span style=\"color: #000000;\" class=\"ugb-highlight\">F\u0130Z\u0130KSEL \u00d6ZELL\u0130KLER<\/span><\/strong><\/p>\n\n\n\n<figure class=\"wp-block-table is-style-stripes\"><table><tbody><tr><td><strong>Cihaz K\u00fctlesi<\/strong><\/td><td>450 kg<\/td><\/tr><tr><td><strong>D\u0131\u015f \u00d6l\u00e7\u00fcler<\/strong> (Geni\u015flik x Derinlik x Y\u00fckseklik)<\/td><td>1200mm x 2650mm x 1275mm<\/td><\/tr><\/tbody><\/table><\/figure>\n\n\n\n<hr class=\"wp-block-separator\"\/>\n\n\n\n<div class=\"wp-block-columns is-layout-flex wp-container-core-columns-is-layout-9d6595d7 wp-block-columns-is-layout-flex\">\n<div class=\"wp-block-column has-background is-layout-flow wp-block-column-is-layout-flow\" style=\"background-color:#f0f0f0\">\n<p class=\"has-text-align-center has-medium-font-size\"><span style=\"color: #000000;\" class=\"ugb-highlight\"><strong>\u0130LG\u0130L\u0130 DONANIM ve C\u0130HAZLAR<\/strong><\/span><\/p>\n\n\n\n<div class=\"wp-block-columns is-layout-flex wp-container-core-columns-is-layout-9d6595d7 wp-block-columns-is-layout-flex\">\n<div class=\"wp-block-column is-layout-flow wp-block-column-is-layout-flow\">\n<p class=\"has-text-align-center\"><strong><a href=\"http:\/\/www.ctsautomation.net\/tr_TR\/index.php\/hizmetlerimiz\/havacilik-sanayi-bakim-ve-montaj-cihazlari\/ucak-tekerlegi-torklama-sistemi\/\">U\u00e7ak Tekerle\u011fi Torklama Sistemi<\/a><\/strong><\/p>\n\n\n\n<div class=\"wp-block-image\"><figure class=\"aligncenter size-thumbnail\"><a href=\"http:\/\/www.ctsautomation.net\/tr_TR\/index.php\/hizmetlerimiz\/havacilik-sanayi-bakim-ve-montaj-cihazlari\/ucak-tekerlegi-torklama-sistemi\/\"><img loading=\"lazy\" decoding=\"async\" width=\"150\" height=\"150\" src=\"http:\/\/www.ctsautomation.net\/wp-content\/uploads\/2022\/02\/Ucak-Tekerlegi-Torklama-Sistemi-01-150x150.jpeg\" alt=\"Aircraft Wheel Torquing System -01\" class=\"wp-image-1940\"\/><\/a><\/figure><\/div>\n<\/div>\n\n\n\n<div class=\"wp-block-column is-layout-flow wp-block-column-is-layout-flow\">\n<p class=\"has-text-align-center\"><span style=\"color: #000000;\" class=\"ugb-highlight\"><strong><a href=\"http:\/\/www.ctsautomation.net\/tr_TR\/index.php\/hizmetlerimiz\/havacilik-sanayi-bakim-ve-montaj-cihazlari\/ucak-tekerlegi-adaptorleri\/\">U\u00e7ak Tekerle\u011fi Adapt\u00f6rleri<\/a><\/strong><\/span><\/p>\n\n\n\n<div class=\"wp-block-image is-style-default\"><figure class=\"aligncenter size-thumbnail\"><a href=\"http:\/\/www.ctsautomation.net\/tr_TR\/index.php\/hizmetlerimiz\/havacilik-sanayi-bakim-ve-montaj-cihazlari\/ucak-tekerlegi-adaptorleri\/\"><img loading=\"lazy\" decoding=\"async\" width=\"150\" height=\"150\" src=\"http:\/\/www.ctsautomation.net\/wp-content\/uploads\/2022\/02\/Ucak-Tekerlegi-Adaptorleri-01-150x150.jpeg\" alt=\"Aircraft Wheel Adapters 01\" class=\"wp-image-2008\"\/><\/a><\/figure><\/div>\n<\/div>\n<\/div>\n<\/div>\n<\/div>\n<\/div>\n<\/div>\n\n\n\n<p><\/p>\n","protected":false},"excerpt":{"rendered":"<div class=\"slide-text-bg2\"><span><\/p>\n<p><\/span><\/div>\n","protected":false},"author":4,"featured_media":1951,"parent":1479,"menu_order":2,"comment_status":"closed","ping_status":"closed","template":"","meta":{"inline_featured_image":false,"_ti_tpc_template_sync":false,"_ti_tpc_template_id":"","spay_email":"","footnotes":""},"class_list":["post-1958","page","type-page","status-publish","has-post-thumbnail","hentry"],"yoast_head":"<!-- This site is optimized with the Yoast SEO plugin v18.3 - https:\/\/yoast.com\/wordpress\/plugins\/seo\/ -->\n<title>U\u00e7ak Tekerle\u011fi Montaj Stand\u0131 - CTS Automation &amp; Test Systems<\/title>\n<meta name=\"robots\" content=\"index, follow, max-snippet:-1, max-image-preview:large, max-video-preview:-1\" \/>\n<link rel=\"canonical\" href=\"http:\/\/www.ctsautomation.net\/tr_TR\/index.php\/hizmetlerimiz\/havacilik-sanayi-bakim-ve-montaj-cihazlari\/ucak-tekerlegi-montaj-standi\/\" \/>\n<meta property=\"og:locale\" content=\"tr_TR\" \/>\n<meta property=\"og:type\" content=\"article\" \/>\n<meta property=\"og:title\" content=\"U\u00e7ak Tekerle\u011fi Montaj Stand\u0131 - CTS Automation &amp; Test Systems\" \/>\n<meta property=\"og:url\" content=\"http:\/\/www.ctsautomation.net\/tr_TR\/index.php\/hizmetlerimiz\/havacilik-sanayi-bakim-ve-montaj-cihazlari\/ucak-tekerlegi-montaj-standi\/\" \/>\n<meta property=\"og:site_name\" content=\"CTS Automation &amp; Test Systems\" \/>\n<meta property=\"article:modified_time\" content=\"2022-04-03T16:59:08+00:00\" \/>\n<meta property=\"og:image\" content=\"http:\/\/www.ctsautomation.net\/wp-content\/uploads\/2022\/02\/Ucak-Tekerlegi-Montaj-Standi-03b.jpeg\" \/>\n\t<meta property=\"og:image:width\" content=\"1536\" \/>\n\t<meta property=\"og:image:height\" content=\"1139\" \/>\n\t<meta property=\"og:image:type\" content=\"image\/jpeg\" \/>\n<meta name=\"twitter:card\" content=\"summary_large_image\" \/>\n<meta name=\"twitter:label1\" content=\"Tahmini okuma s\u00fcresi\" \/>\n\t<meta name=\"twitter:data1\" content=\"2 dakika\" \/>\n<script type=\"application\/ld+json\" class=\"yoast-schema-graph\">{\"@context\":\"https:\/\/schema.org\",\"@graph\":[{\"@type\":\"WebSite\",\"@id\":\"http:\/\/www.ctsautomation.net\/tr_TR\/#website\",\"url\":\"http:\/\/www.ctsautomation.net\/tr_TR\/\",\"name\":\"CTS Automation &amp; Test Systems\",\"description\":\"Slogan se\u00e7\",\"potentialAction\":[{\"@type\":\"SearchAction\",\"target\":{\"@type\":\"EntryPoint\",\"urlTemplate\":\"http:\/\/www.ctsautomation.net\/tr_TR\/?s={search_term_string}\"},\"query-input\":\"required name=search_term_string\"}],\"inLanguage\":\"tr\"},{\"@type\":\"ImageObject\",\"@id\":\"http:\/\/www.ctsautomation.net\/tr_TR\/index.php\/hizmetlerimiz\/havacilik-sanayi-bakim-ve-montaj-cihazlari\/ucak-tekerlegi-montaj-standi\/#primaryimage\",\"inLanguage\":\"tr\",\"url\":\"http:\/\/www.ctsautomation.net\/wp-content\/uploads\/2022\/02\/Ucak-Tekerlegi-Montaj-Standi-03b.jpeg\",\"contentUrl\":\"http:\/\/www.ctsautomation.net\/wp-content\/uploads\/2022\/02\/Ucak-Tekerlegi-Montaj-Standi-03b.jpeg\",\"width\":1536,\"height\":1139,\"caption\":\"Aircraft Wheel Assembly Disassembly Stand\"},{\"@type\":\"WebPage\",\"@id\":\"http:\/\/www.ctsautomation.net\/tr_TR\/index.php\/hizmetlerimiz\/havacilik-sanayi-bakim-ve-montaj-cihazlari\/ucak-tekerlegi-montaj-standi\/#webpage\",\"url\":\"http:\/\/www.ctsautomation.net\/tr_TR\/index.php\/hizmetlerimiz\/havacilik-sanayi-bakim-ve-montaj-cihazlari\/ucak-tekerlegi-montaj-standi\/\",\"name\":\"U\u00e7ak Tekerle\u011fi Montaj Stand\u0131 - CTS Automation &amp; Test Systems\",\"isPartOf\":{\"@id\":\"http:\/\/www.ctsautomation.net\/tr_TR\/#website\"},\"primaryImageOfPage\":{\"@id\":\"http:\/\/www.ctsautomation.net\/tr_TR\/index.php\/hizmetlerimiz\/havacilik-sanayi-bakim-ve-montaj-cihazlari\/ucak-tekerlegi-montaj-standi\/#primaryimage\"},\"datePublished\":\"2022-02-27T20:24:37+00:00\",\"dateModified\":\"2022-04-03T16:59:08+00:00\",\"breadcrumb\":{\"@id\":\"http:\/\/www.ctsautomation.net\/tr_TR\/index.php\/hizmetlerimiz\/havacilik-sanayi-bakim-ve-montaj-cihazlari\/ucak-tekerlegi-montaj-standi\/#breadcrumb\"},\"inLanguage\":\"tr\",\"potentialAction\":[{\"@type\":\"ReadAction\",\"target\":[\"http:\/\/www.ctsautomation.net\/tr_TR\/index.php\/hizmetlerimiz\/havacilik-sanayi-bakim-ve-montaj-cihazlari\/ucak-tekerlegi-montaj-standi\/\"]}]},{\"@type\":\"BreadcrumbList\",\"@id\":\"http:\/\/www.ctsautomation.net\/tr_TR\/index.php\/hizmetlerimiz\/havacilik-sanayi-bakim-ve-montaj-cihazlari\/ucak-tekerlegi-montaj-standi\/#breadcrumb\",\"itemListElement\":[{\"@type\":\"ListItem\",\"position\":1,\"name\":\"Anasayfa\",\"item\":\"http:\/\/www.ctsautomation.net\/tr_TR\/\"},{\"@type\":\"ListItem\",\"position\":2,\"name\":\"Havac\u0131l\u0131k\",\"item\":\"http:\/\/www.ctsautomation.net\/tr_TR\/index.php\/hizmetlerimiz\/\"},{\"@type\":\"ListItem\",\"position\":3,\"name\":\"Havac\u0131l\u0131k Sanayi Bak\u0131m ve Montaj Ekipmanlar\u0131\",\"item\":\"http:\/\/www.ctsautomation.net\/tr_TR\/index.php\/hizmetlerimiz\/havacilik-sanayi-bakim-ve-montaj-cihazlari\/\"},{\"@type\":\"ListItem\",\"position\":4,\"name\":\"U\u00e7ak Tekerle\u011fi Montaj Stand\u0131\"}]}]}<\/script>\n<!-- \/ Yoast SEO plugin. -->","yoast_head_json":{"title":"U\u00e7ak Tekerle\u011fi Montaj Stand\u0131 - CTS Automation &amp; Test Systems","robots":{"index":"index","follow":"follow","max-snippet":"max-snippet:-1","max-image-preview":"max-image-preview:large","max-video-preview":"max-video-preview:-1"},"canonical":"http:\/\/www.ctsautomation.net\/tr_TR\/index.php\/hizmetlerimiz\/havacilik-sanayi-bakim-ve-montaj-cihazlari\/ucak-tekerlegi-montaj-standi\/","og_locale":"tr_TR","og_type":"article","og_title":"U\u00e7ak Tekerle\u011fi Montaj Stand\u0131 - CTS Automation &amp; Test Systems","og_url":"http:\/\/www.ctsautomation.net\/tr_TR\/index.php\/hizmetlerimiz\/havacilik-sanayi-bakim-ve-montaj-cihazlari\/ucak-tekerlegi-montaj-standi\/","og_site_name":"CTS Automation &amp; Test Systems","article_modified_time":"2022-04-03T16:59:08+00:00","og_image":[{"width":1536,"height":1139,"url":"http:\/\/www.ctsautomation.net\/wp-content\/uploads\/2022\/02\/Ucak-Tekerlegi-Montaj-Standi-03b.jpeg","type":"image\/jpeg"}],"twitter_card":"summary_large_image","twitter_misc":{"Tahmini okuma s\u00fcresi":"2 dakika"},"schema":{"@context":"https:\/\/schema.org","@graph":[{"@type":"WebSite","@id":"http:\/\/www.ctsautomation.net\/tr_TR\/#website","url":"http:\/\/www.ctsautomation.net\/tr_TR\/","name":"CTS Automation &amp; Test Systems","description":"Slogan se\u00e7","potentialAction":[{"@type":"SearchAction","target":{"@type":"EntryPoint","urlTemplate":"http:\/\/www.ctsautomation.net\/tr_TR\/?s={search_term_string}"},"query-input":"required name=search_term_string"}],"inLanguage":"tr"},{"@type":"ImageObject","@id":"http:\/\/www.ctsautomation.net\/tr_TR\/index.php\/hizmetlerimiz\/havacilik-sanayi-bakim-ve-montaj-cihazlari\/ucak-tekerlegi-montaj-standi\/#primaryimage","inLanguage":"tr","url":"http:\/\/www.ctsautomation.net\/wp-content\/uploads\/2022\/02\/Ucak-Tekerlegi-Montaj-Standi-03b.jpeg","contentUrl":"http:\/\/www.ctsautomation.net\/wp-content\/uploads\/2022\/02\/Ucak-Tekerlegi-Montaj-Standi-03b.jpeg","width":1536,"height":1139,"caption":"Aircraft Wheel Assembly Disassembly Stand"},{"@type":"WebPage","@id":"http:\/\/www.ctsautomation.net\/tr_TR\/index.php\/hizmetlerimiz\/havacilik-sanayi-bakim-ve-montaj-cihazlari\/ucak-tekerlegi-montaj-standi\/#webpage","url":"http:\/\/www.ctsautomation.net\/tr_TR\/index.php\/hizmetlerimiz\/havacilik-sanayi-bakim-ve-montaj-cihazlari\/ucak-tekerlegi-montaj-standi\/","name":"U\u00e7ak Tekerle\u011fi Montaj Stand\u0131 - CTS Automation &amp; Test Systems","isPartOf":{"@id":"http:\/\/www.ctsautomation.net\/tr_TR\/#website"},"primaryImageOfPage":{"@id":"http:\/\/www.ctsautomation.net\/tr_TR\/index.php\/hizmetlerimiz\/havacilik-sanayi-bakim-ve-montaj-cihazlari\/ucak-tekerlegi-montaj-standi\/#primaryimage"},"datePublished":"2022-02-27T20:24:37+00:00","dateModified":"2022-04-03T16:59:08+00:00","breadcrumb":{"@id":"http:\/\/www.ctsautomation.net\/tr_TR\/index.php\/hizmetlerimiz\/havacilik-sanayi-bakim-ve-montaj-cihazlari\/ucak-tekerlegi-montaj-standi\/#breadcrumb"},"inLanguage":"tr","potentialAction":[{"@type":"ReadAction","target":["http:\/\/www.ctsautomation.net\/tr_TR\/index.php\/hizmetlerimiz\/havacilik-sanayi-bakim-ve-montaj-cihazlari\/ucak-tekerlegi-montaj-standi\/"]}]},{"@type":"BreadcrumbList","@id":"http:\/\/www.ctsautomation.net\/tr_TR\/index.php\/hizmetlerimiz\/havacilik-sanayi-bakim-ve-montaj-cihazlari\/ucak-tekerlegi-montaj-standi\/#breadcrumb","itemListElement":[{"@type":"ListItem","position":1,"name":"Anasayfa","item":"http:\/\/www.ctsautomation.net\/tr_TR\/"},{"@type":"ListItem","position":2,"name":"Havac\u0131l\u0131k","item":"http:\/\/www.ctsautomation.net\/tr_TR\/index.php\/hizmetlerimiz\/"},{"@type":"ListItem","position":3,"name":"Havac\u0131l\u0131k Sanayi Bak\u0131m ve Montaj Ekipmanlar\u0131","item":"http:\/\/www.ctsautomation.net\/tr_TR\/index.php\/hizmetlerimiz\/havacilik-sanayi-bakim-ve-montaj-cihazlari\/"},{"@type":"ListItem","position":4,"name":"U\u00e7ak Tekerle\u011fi Montaj Stand\u0131"}]}]}},"_links":{"self":[{"href":"http:\/\/www.ctsautomation.net\/tr_TR\/index.php\/wp-json\/wp\/v2\/pages\/1958","targetHints":{"allow":["GET"]}}],"collection":[{"href":"http:\/\/www.ctsautomation.net\/tr_TR\/index.php\/wp-json\/wp\/v2\/pages"}],"about":[{"href":"http:\/\/www.ctsautomation.net\/tr_TR\/index.php\/wp-json\/wp\/v2\/types\/page"}],"author":[{"embeddable":true,"href":"http:\/\/www.ctsautomation.net\/tr_TR\/index.php\/wp-json\/wp\/v2\/users\/4"}],"replies":[{"embeddable":true,"href":"http:\/\/www.ctsautomation.net\/tr_TR\/index.php\/wp-json\/wp\/v2\/comments?post=1958"}],"version-history":[{"count":32,"href":"http:\/\/www.ctsautomation.net\/tr_TR\/index.php\/wp-json\/wp\/v2\/pages\/1958\/revisions"}],"predecessor-version":[{"id":2632,"href":"http:\/\/www.ctsautomation.net\/tr_TR\/index.php\/wp-json\/wp\/v2\/pages\/1958\/revisions\/2632"}],"up":[{"embeddable":true,"href":"http:\/\/www.ctsautomation.net\/tr_TR\/index.php\/wp-json\/wp\/v2\/pages\/1479"}],"wp:featuredmedia":[{"embeddable":true,"href":"http:\/\/www.ctsautomation.net\/tr_TR\/index.php\/wp-json\/wp\/v2\/media\/1951"}],"wp:attachment":[{"href":"http:\/\/www.ctsautomation.net\/tr_TR\/index.php\/wp-json\/wp\/v2\/media?parent=1958"}],"curies":[{"name":"wp","href":"https:\/\/api.w.org\/{rel}","templated":true}]}}